{"id":1678,"date":"2025-04-14T14:14:23","date_gmt":"2025-04-14T14:14:23","guid":{"rendered":"https:\/\/shop.verespresso.com\/?post_type=product&#038;p=1678"},"modified":"2025-04-14T14:41:03","modified_gmt":"2025-04-14T14:41:03","slug":"caffe-in-polvere-verespresso-black","status":"publish","type":"product","link":"https:\/\/shop.verespresso.com\/en\/product\/caffe-in-polvere-verespresso-black\/","title":{"rendered":"CAFFE&#8217; IN POLVERE VERESPRESSO BLACK"},"content":{"rendered":"","protected":false},"excerpt":{"rendered":"<p>La Miscela Black \u00e8 nata per soddisfare chi ama un caff\u00e8 denso e dal sapore forte e deciso, per chi vuole iniziare la giornata con una carica di energia in pi\u00f9. Un caff\u00e8 dal gusto intenso che nasce dal perfetto dosaggio delle nostre qualit\u00e0 di caff\u00e8.<\/p>\n<p>Pacchetto da 250 gr<\/p>\n<p>Disponibile macinato per moka o macinato per espresso<\/p>\n<p>Miscela di caffe&#8217; torrefatto macinato. Caffe&#8217; di origine extra UE.<\/p>\n<p>Prodotto e confezionato nello stabilimento di via righi, 7\u00a0 \u00a052100 Arezzo (AR)<\/p>\n","protected":false},"featured_media":1679,"comment_status":"open","ping_status":"closed","template":"","meta":{"_acf_changed":false},"product_brand":[],"product_cat":[54],"product_tag":[],"class_list":{"0":"post-1678","1":"product","2":"type-product","3":"status-publish","4":"has-post-thumbnail","6":"product_cat-caffe-in-polvere","8":"first","9":"instock","10":"taxable","11":"shipping-taxable","12":"purchasable","13":"product-type-simple"},"acf":[],"_links":{"self":[{"href":"https:\/\/shop.verespresso.com\/en\/wp-json\/wp\/v2\/product\/1678","targetHints":{"allow":["GET"]}}],"collection":[{"href":"https:\/\/shop.verespresso.com\/en\/wp-json\/wp\/v2\/product"}],"about":[{"href":"https:\/\/shop.verespresso.com\/en\/wp-json\/wp\/v2\/types\/product"}],"replies":[{"embeddable":true,"href":"https:\/\/shop.verespresso.com\/en\/wp-json\/wp\/v2\/comments?post=1678"}],"wp:featuredmedia":[{"embeddable":true,"href":"https:\/\/shop.verespresso.com\/en\/wp-json\/wp\/v2\/media\/1679"}],"wp:attachment":[{"href":"https:\/\/shop.verespresso.com\/en\/wp-json\/wp\/v2\/media?parent=1678"}],"wp:term":[{"taxonomy":"product_brand","embeddable":true,"href":"https:\/\/shop.verespresso.com\/en\/wp-json\/wp\/v2\/product_brand?post=1678"},{"taxonomy":"product_cat","embeddable":true,"href":"https:\/\/shop.verespresso.com\/en\/wp-json\/wp\/v2\/product_cat?post=1678"},{"taxonomy":"product_tag","embeddable":true,"href":"https:\/\/shop.verespresso.com\/en\/wp-json\/wp\/v2\/product_tag?post=1678"}],"curies":[{"name":"wp","href":"https:\/\/api.w.org\/{rel}","templated":true}]}}